{"id":7,"date":"2016-11-18T12:52:35","date_gmt":"2016-11-18T11:52:35","guid":{"rendered":"http:\/\/www.diasporafriends.de\/zztbtlux\/?page_id=7"},"modified":"2018-09-24T10:26:57","modified_gmt":"2018-09-24T08:26:57","slug":"impressum","status":"publish","type":"page","link":"https:\/\/www.thebridgetoluxury.com\/de\/impressum\/","title":{"rendered":"Impressum"},"content":{"rendered":"<div class=\"rechtsstrich\">\n<div class=\"ueberstrich\"><\/div>\n<h1>IMPRESSUM<\/h1>\n<\/div>\n<p>Dr. Frank M\u00fcller<br \/>\nKeppgrundstrasse 18<br \/>\n01259 Dresden<br \/>\nGermany<\/p>\n<p>Tel. +49 351 2002 444<br \/>\nFax. +49 351 2002 445<br \/>\nE-Mail:\u00a0 <a href=\"mailto:info@thebridgetoluxury.com\">info@thebridgetoluxury.com<\/a><br \/>\nwww.thebridgetoluxury.com<\/p>\n<p>USt.-Id.-Nr. DE 266419120<br \/>\nCEO Dr. Frank M\u00fcller<\/p>\n<p>&nbsp;<\/p>\n<div class=\"rechtsstrich\">\n<div class=\"ueberstrich\"><\/div>\n<h2>RECHTLICHE HINWEISE<\/h2>\n<\/div>\n<h3>Copyright 2013 The Bridge To Luxury (TBTL)<\/h3>\n<p>Alle Rechte vorbehalten. S\u00e4mtliche Texte, Bilder, Designs, Logos, Graphiken, Ton-, Video- und Animationsdateien sowie ihre Arrangements unterliegen dem Urheberrecht und anderen Gesetzen zum Schutz geistigen Eigentums.<\/p>\n<p>Der Inhalt dieser Website darf nicht zu kommerziellen Zwecken kopiert, verbreitet, ver\u00e4ndert oder Dritten zug\u00e4nglich gemacht werden.<\/p>\n<h3>Haftungshinweis<\/h3>\n<p>Bei direkten oder indirekten Links auf fremde Internetseiten \u00fcbernimmt TBTL keine Verantwortung f\u00fcr deren Inhalte, Fehlerfreiheit, Rechtm\u00e4\u00dfigkeit und Funktionsf\u00e4higkeit. TBTL distanziert sich ausdr\u00fccklich von allen Inhalten auf solchen Internetseiten, die straf- oder haftungsrechtlich relevant sind oder gegen die guten Sitten versto\u00dfen.<\/p>\n<p>Alle Inhalte dienen ausschlie\u00dflich der allgemeinen Information. F\u00fcr die Korrektheit und Vollst\u00e4ndigkeit der Inhalte wird keine Garantie \u00fcbernommen. Hinweise, Empfehlungen und Ausk\u00fcnfte sind unverbindlich; jegliche Verwendung der angegebenen Informationen geschieht auf eigenes Risiko des Nutzers. Eine Haftung seitens TBTL f\u00fcr Sch\u00e4den, die sich aus der Verwendung der abgerufenen Informationen und Dienste ergeben, ist \u2013 soweit gesetzlich zul\u00e4ssig \u2013 ausgeschlossen.<\/p>\n<h3>Datenschutzerkl\u00e4rung<\/h3>\n<p>TBTL verarbeitet personenbezogene Daten, die bei Ihrem Besuch auf dieser Website erhoben werden, gem\u00e4\u00df den Bestimmungen des deutschen Datenschutzrechts.<\/p>\n<p>Nachfolgend informieren wir Sie, welche Daten w\u00e4hrend Ihres Besuchs auf unserer Website erhoben werden und wie wir diese nutzen:<\/p>\n<p>1. Erhebung und Verarbeitung von Daten beim Besuch der Website<\/p>\n<p>Sie k\u00f6nnen diese Website ohne Angaben zu Ihrer Person nutzen.<\/p>\n<p>Diese Website nutzt allerdings &#8222;Google Analytics&#8220;. Es handelt sich hierbei um einen Webanalysedienst der Google Inc., 1600 Amphitheatre Parkway, Mountain View, CA 94043, USA. Google Analytics verwendet sog. &#8222;Cookies&#8220;. Die durch diese Cookies erzeugten Informationen \u00fcber Ihre Nutzung dieser Website, von denen auch Ihre IP-Adresse erfasst ist, werden an einen Server von Google in den USA \u00fcbertragen und dort gespeichert. Google wird diese Informationen f\u00fcr die Auswertung der Nutzung unserer Website durch Sie, f\u00fcr die Zusammenstellung von Reports \u00fcber die Webseitenaktivit\u00e4ten f\u00fcr Webseitenbetreiber sowie f\u00fcr die Erbringung weiterer Dienstleistungen, die mit der Webseitennutzung und Internetnutzung verbunden sind, nutzen. Google wird diese Informationen gegebenenfalls an Dritte \u00fcbertragen, sofern dies gesetzlich vorgeschrieben ist oder soweit Dritte diese Daten im Auftrag von Google verarbeiten. Google wird Ihre IP-Adresse in keinem Fall mit anderen Daten von Google in Verbindung bringen.Sie k\u00f6nnen die Installation von Cookies durch eine entsprechende Einstellung Ihres Browsers verhindern. Hierdurch kann aber gegebenenfalls die vollumf\u00e4ngliche Nutzung unserer Website beeintr\u00e4chtigt werden. Wir weisen auch darauf hin, dass Google ein Add-on zur Verf\u00fcgung stellt, mit welchem Google mitgeteilt wird, dass keine Informationen \u00fcber Ihren Website-Besuch an Google Analytics \u00fcbermittelt werden sollen (n\u00e4heres unter http:\/\/www.google.com\/intl\/de\/analytics\/privacyoverview.html).<\/p>\n<p>Durch die Nutzung dieser Website erkl\u00e4ren Sie sich mit der Bearbeitung der \u00fcber Sie erhobenen Daten durch Google in der zuvor beschriebenen Art und Weise und dem zuvor beschriebenen Zweck einverstanden.<\/p>\n<p>Weitere pers\u00f6nliche Daten werden von TBTL nur dann erhoben und verarbeitet, wenn Sie uns diese von sich aus mitteilen, z. B. im Rahmen einer Anfrage, einer Bestellung oder der Anmeldung zu einem unserer Angebote (Newsletter, RSS-Feed usw.).<\/p>\n<p>2. Einbeziehung und Aktualit\u00e4t der Datenschutzerkl\u00e4rung<\/p>\n<p>Mit der Nutzung unserer Website willigen Sie in die zuvor beschriebene Datenverwendung ein. Durch die Weiterentwicklung der Website oder die Implementierung neuer Technologien kann es notwendig werden, die Datenschutzerkl\u00e4rung zu \u00e4ndern. TBTL beh\u00e4lt es sich vor, solche \u00c4nderungen jederzeit mit Wirkung f\u00fcr die Zukunft vorzunehmen.<\/p>\n<p>Juni 2013.<\/p>\n<p>Icons made by <a href=\"http:\/\/www.flaticon.com\/authors\/freepik\" target=\"_blank\">Freepik<\/a>, <a href=\"http:\/\/www.flaticon.com\/authors\/gregor-cresnar\" target=\"_blank\">Gregor Cresnar<\/a> and\u00a0<a href=\"http:\/\/www.flaticon.com\/authors\/dave-gandy\" target=\"_blank\">Dave Gandy<\/a> from <a href=\"http:\/\/www.flaticon.com\" target=\"_blank\">www.flaticon.com<\/a> is licensed by <a href=\"http:\/\/creativecommons.org\/licenses\/by\/3.0\/\" target=\"_blank\">CC 3.0 BY<\/a><\/p>","protected":false},"excerpt":{"rendered":"<p>IMPRESSUM Dr. Frank M\u00fcller Keppgrundstrasse 18 01259 Dresden Germany Tel. +49 351 2002 444 Fax. +49 351 2002 445 E-Mail:\u00a0 info@thebridgetoluxury.com www.thebridgetoluxury.com USt.-Id.-Nr. DE 266419120 CEO Dr. Frank M\u00fcller &nbsp; RECHTLICHE HINWEISE Copyright 2013 The Bridge To Luxury (TBTL) Alle Rechte vorbehalten. S\u00e4mtliche Texte, Bilder, Designs, Logos, Graphiken, Ton-, Video- und Animationsdateien sowie ihre Arrangements [&hellip;]<\/p>\n","protected":false},"author":1,"featured_media":0,"parent":0,"menu_order":99,"comment_status":"closed","ping_status":"closed","template":"","meta":{"_acf_changed":false,"footnotes":""},"class_list":["post-7","page","type-page","status-publish","hentry"],"acf":[],"_links":{"self":[{"href":"https:\/\/www.thebridgetoluxury.com\/de\/wp-json\/wp\/v2\/pages\/7","targetHints":{"allow":["GET"]}}],"collection":[{"href":"https:\/\/www.thebridgetoluxury.com\/de\/wp-json\/wp\/v2\/pages"}],"about":[{"href":"https:\/\/www.thebridgetoluxury.com\/de\/wp-json\/wp\/v2\/types\/page"}],"author":[{"embeddable":true,"href":"https:\/\/www.thebridgetoluxury.com\/de\/wp-json\/wp\/v2\/users\/1"}],"replies":[{"embeddable":true,"href":"https:\/\/www.thebridgetoluxury.com\/de\/wp-json\/wp\/v2\/comments?post=7"}],"version-history":[{"count":17,"href":"https:\/\/www.thebridgetoluxury.com\/de\/wp-json\/wp\/v2\/pages\/7\/revisions"}],"predecessor-version":[{"id":739,"href":"https:\/\/www.thebridgetoluxury.com\/de\/wp-json\/wp\/v2\/pages\/7\/revisions\/739"}],"wp:attachment":[{"href":"https:\/\/www.thebridgetoluxury.com\/de\/wp-json\/wp\/v2\/media?parent=7"}],"curies":[{"name":"wp","href":"https:\/\/api.w.org\/{rel}","templated":true}]}}